{"id":11,"date":"2014-12-22T21:55:28","date_gmt":"2014-12-22T20:55:28","guid":{"rendered":"http:\/\/www.erfurt-tagesmutter.de\/?page_id=11"},"modified":"2021-03-07T17:40:04","modified_gmt":"2021-03-07T16:40:04","slug":"informationen","status":"publish","type":"page","link":"http:\/\/www.erfurt-tagesmutter.de\/?page_id=11","title":{"rendered":"Tagesablauf bei den kleinen Yogis"},"content":{"rendered":"<p>Betreuungszeiten sind von 7.00 Uhr bis 15.30 Uhr (Montag-Freitag)<\/p>\n<p>Um 8.00 Uhr beginnen wir mit dem Fr\u00fchst\u00fcck<\/p>\n<p>Von 8.30 Uhr &#8211; 9.00 Uhr ist gemeinsame Spielzeit<\/p>\n<p>Ab um 9.00 Uhr gehen wir an die frische Luft<\/p>\n<p>zwischendurch gibt es gesunde Snacks<\/p>\n<p>Um 11.00 Uhr gibt es Mittagessen<\/p>\n<p>Danach ist f\u00fcr die Gro\u00dfen T\u00f6pfchenzeit<\/p>\n<p>Von 12.00 Uhr &#8211; 14.00 Uhr ist Ruhezeit<\/p>\n<p>Nochmal f\u00fcr die Gro\u00dfen T\u00f6pfchenzeit<\/p>\n<p>Ab 14.30 Uhr gibt es Vesper<\/p>\n<p>Bis zum Abholen dauert es nicht mehr lange&#8230;<\/p>\n","protected":false},"excerpt":{"rendered":"<p>Betreuungszeiten sind von 7.00 Uhr bis 15.30 Uhr (Montag-Freitag) Um 8.00 Uhr beginnen wir mit dem Fr\u00fchst\u00fcck Von 8.30 Uhr &#8211; 9.00 Uhr ist gemeinsame Spielzeit Ab um 9.00 Uhr gehen wir an die frische Luft zwischendurch gibt es gesunde Snacks Um 11.00 Uhr gibt es Mittagessen Danach ist f\u00fcr die Gro\u00dfen T\u00f6pfchenzeit Von 12.00 &hellip; <a href=\"http:\/\/www.erfurt-tagesmutter.de\/?page_id=11\" class=\"more-link\"><span class=\"screen-reader-text\">Tagesablauf bei den kleinen Yogis<\/span> weiterlesen<\/a><\/p>\n","protected":false},"author":1,"featured_media":0,"parent":0,"menu_order":0,"comment_status":"closed","ping_status":"closed","template":"","meta":[],"acf":[],"_links":{"self":[{"href":"http:\/\/www.erfurt-tagesmutter.de\/index.php?rest_route=\/wp\/v2\/pages\/11"}],"collection":[{"href":"http:\/\/www.erfurt-tagesmutter.de\/index.php?rest_route=\/wp\/v2\/pages"}],"about":[{"href":"http:\/\/www.erfurt-tagesmutter.de\/index.php?rest_route=\/wp\/v2\/types\/page"}],"author":[{"embeddable":true,"href":"http:\/\/www.erfurt-tagesmutter.de\/index.php?rest_route=\/wp\/v2\/users\/1"}],"replies":[{"embeddable":true,"href":"http:\/\/www.erfurt-tagesmutter.de\/index.php?rest_route=%2Fwp%2Fv2%2Fcomments&post=11"}],"version-history":[{"count":4,"href":"http:\/\/www.erfurt-tagesmutter.de\/index.php?rest_route=\/wp\/v2\/pages\/11\/revisions"}],"predecessor-version":[{"id":110,"href":"http:\/\/www.erfurt-tagesmutter.de\/index.php?rest_route=\/wp\/v2\/pages\/11\/revisions\/110"}],"wp:attachment":[{"href":"http:\/\/www.erfurt-tagesmutter.de\/index.php?rest_route=%2Fwp%2Fv2%2Fmedia&parent=11"}],"curies":[{"name":"wp","href":"https:\/\/api.w.org\/{rel}","templated":true}]}}