{"id":32,"date":"2014-12-26T12:49:57","date_gmt":"2014-12-26T11:49:57","guid":{"rendered":"http:\/\/www.erfurt-tagesmutter.de\/?page_id=32"},"modified":"2026-01-08T19:14:35","modified_gmt":"2026-01-08T18:14:35","slug":"startseite","status":"publish","type":"page","link":"http:\/\/www.erfurt-tagesmutter.de\/","title":{"rendered":"Tagesmutti mit Zertifikat f\u00fcr &#8222;Nachhaltige Kindertagespflege&#8220;                                                                                                                       Amal Gattas"},"content":{"rendered":"\n<p><\/p>\n\n\n\n<p>Unverhofft wurde ein Platz ab Februar 2026 frei, dieser kann sofort besetzt werden. Ab Mai 2026 wird auch ein Platz frei.  <\/p>\n\n\n\n<p><\/p>\n\n\n\n<p><\/p>\n\n\n<div id=\"metaslider-id-19\" style=\"max-width: 700px; margin: 0 auto;\" class=\"ml-slider-3-31-0 metaslider metaslider-flex metaslider-19 ml-slider ms-theme-default nav-hidden\">\n    <div id=\"metaslider_container_19\">\n        <div id=\"metaslider_19\">\n            <ul aria-live=\"polite\" class=\"slides\">\n                <li style=\"display: block; width: 100%;\" class=\"slide-20 ms-image\"><img src=\"http:\/\/www.erfurt-tagesmutter.de\/wp-content\/uploads\/2014\/12\/1.Oktober2011-025-700x300.jpg\" height=\"300\" width=\"700\" alt=\"\" class=\"slider-19 slide-20\" \/><\/li>\n                <li style=\"display: none; width: 100%;\" class=\"slide-21 ms-image\"><img src=\"http:\/\/www.erfurt-tagesmutter.de\/wp-content\/uploads\/2014\/12\/03.juni2012-012-700x300.jpg\" height=\"300\" width=\"700\" alt=\"\" class=\"slider-19 slide-21\" \/><\/li>\n                <li style=\"display: none; width: 100%;\" class=\"slide-22 ms-image\"><img src=\"http:\/\/www.erfurt-tagesmutter.de\/wp-content\/uploads\/2014\/12\/2013-08-12-10.01.54-700x300.jpg\" height=\"300\" width=\"700\" alt=\"\" class=\"slider-19 slide-22\" \/><\/li>\n                <li style=\"display: none; width: 100%;\" class=\"slide-26 ms-image\"><img src=\"http:\/\/www.erfurt-tagesmutter.de\/wp-content\/uploads\/2014\/12\/IMG_1800-700x300.jpg\" height=\"300\" width=\"700\" alt=\"\" class=\"slider-19 slide-26\" \/><\/li>\n                <li style=\"display: none; width: 100%;\" class=\"slide-46 ms-image\"><img src=\"http:\/\/www.erfurt-tagesmutter.de\/wp-content\/uploads\/2014\/12\/IMG_18061-700x300.jpg\" height=\"300\" width=\"700\" alt=\"\" class=\"slider-19 slide-46\" \/><\/li>\n                <li style=\"display: none; width: 100%;\" class=\"slide-70 ms-image\"><img src=\"http:\/\/www.erfurt-tagesmutter.de\/wp-content\/uploads\/2014\/12\/ostsee-sanierung-029-700x300.jpg\" height=\"300\" width=\"700\" alt=\"\" class=\"slider-19 slide-70\" \/><\/li>\n                <li style=\"display: none; width: 100%;\" class=\"slide-85 ms-image\"><img src=\"http:\/\/www.erfurt-tagesmutter.de\/wp-content\/uploads\/2014\/12\/1067-512x219.jpg\" height=\"300\" width=\"700\" alt=\"\" class=\"slider-19 slide-85\" \/><\/li>\n                <li style=\"display: none; width: 100%;\" class=\"slide-51 ms-image\"><img src=\"http:\/\/www.erfurt-tagesmutter.de\/wp-content\/uploads\/2014\/12\/IMG_3034-700x300.jpg\" height=\"300\" width=\"700\" alt=\"\" class=\"slider-19 slide-51\" \/><\/li>\n                <li style=\"display: none; width: 100%;\" class=\"slide-78 ms-image\"><img src=\"http:\/\/www.erfurt-tagesmutter.de\/wp-content\/uploads\/2014\/12\/IMG_3038-700x300.jpg\" height=\"300\" width=\"700\" alt=\"\" class=\"slider-19 slide-78\" \/><\/li>\n                <li style=\"display: none; width: 100%;\" class=\"slide-165 ms-image\"><img src=\"http:\/\/www.erfurt-tagesmutter.de\/wp-content\/uploads\/2023\/05\/IMG_20200724_090636-1-scaled-700x300.jpg\" height=\"300\" width=\"700\" alt=\"\" class=\"slider-19 slide-165\" title=\"sdr\" \/><div class=\"caption-wrap\"><div class=\"caption\">sdr<\/div><\/div><\/li>\n                <li style=\"display: none; width: 100%;\" class=\"slide-166 ms-image\"><img src=\"http:\/\/www.erfurt-tagesmutter.de\/wp-content\/uploads\/2023\/05\/IMG_20190628_100253-scaled-700x300.jpg\" height=\"300\" width=\"700\" alt=\"\" class=\"slider-19 slide-166\" title=\"cof\" \/><div class=\"caption-wrap\"><div class=\"caption\">cof<\/div><\/div><\/li>\n                <li style=\"display: none; width: 100%;\" class=\"slide-167 ms-image\"><img src=\"http:\/\/www.erfurt-tagesmutter.de\/wp-content\/uploads\/2023\/05\/IMG_20200129_092621-scaled-700x300.jpg\" height=\"300\" width=\"700\" alt=\"\" class=\"slider-19 slide-167\" title=\"sdr\" \/><div class=\"caption-wrap\"><div class=\"caption\">sdr<\/div><\/div><\/li>\n            <\/ul>\n        <\/div>\n        \n    <\/div>\n<\/div>\n<p>Guten Tag,<\/p>\n<p>wie ich schon erw\u00e4hnte, ich arbeite seit 2008 als Tagesmutter. Da ich mein Praktikum f\u00fcf die Tagesmutter in einem Waldorfkindergarten gemacht habe, habe ich mein Konzept auch in diese Richtung gelenkt. Ich achte auf viel Bewegung, Spielzeug aus Naturmaterialien und gesunde Ern\u00e4hrung.<\/p>\n<p>Nach all den Jahren der Kinderbetreuung habe ich mein Konzept der Kindertagespflege erweitert und den Fokus auf &#8222;Nachhaltige Kindertagespflege&#8220; gelenkt. Dies umfasst die Vermittlung von Bildung f\u00fcr nachhaltige Entwicklung an Kindern, die sie spielerisch und allt\u00e4glich erleben k\u00f6nnen. Durch das Vorleben nachhaltiger Praktiken k\u00f6nnen die Kinder und auch ihre Eltern inspiriert werden. Dieses Vorleben bietet den Kindern die M\u00f6glichkeit, ihre Entscheidungen und Handlungen in der Umwelt zu reflektieren und zu beeinflussen.<\/p>\n<p>Was ist bei der Tagesmutter anders<\/p>\n<p>Die Tagesmutter betreut Kinder im Krippenalter\u00a0 und in der Regel, bis die Kinder in den Kindergarten gehen. Eine Tagesmutter kann bis zu f\u00fcnf Kinder betreuen. Dies ist abh\u00e4ngig, von den R\u00e4umlichkeiten, in denen sie arbeitet.<\/p>\n<p>Durch die \u00fcberschauliche Kinderzahl ist es f\u00fcr mich als Tagesmutter einfach auf die Bed\u00fcrfnisse der Kinder einzugehen und auf Unstimmigkeiten in der Kindergruppe zu achten und diese gegebenfalls zu l\u00f6sen oder darauf einzuwirken.<\/p>\n<p>Bei mir ist es so, dass nach der Eingew\u00f6hnungszeit die Kinder wie eine kleine Familie zusammen wachsen und sich morgens beim Bringen schon auf die anderen Kinder freuen.<\/p>\n<p>Gerne achte ich bei den Kindern auf ihre F\u00e4higkeiten und versuche diese zu f\u00f6rdern. Dies kann im gemeinsamen Spielen erfolgen oder beim Malen mit Fingerfarben. Es wird gebastelt und geknetet. Wir singen viel und schauen uns gern B\u00fccher an. Das Spielzeug ist fast nur aus Holz und altersgerecht.<\/p>\n<p>Bewegen tun wir uns haupts\u00e4chlich an der frischen Luft und hierzu lasse ich fast keinen Tag aus. Da wir einen Gemeinschaftsgarten am Haus haben, gehen wir auch bei leichtem Regen und Schnee an die frische Luft, nat\u00fcrlich nicht solange, wie bei Sonnenschein. Ich mache immer wieder die Erfahrung, dass Kinder das unterschiedliche Wetter mit neutralen Augen sehen. Es st\u00f6rt sie nicht, wenn sie im Regen durch die Pf\u00fctzen patschen k\u00f6nnen.<\/p>\n<p>Im Sommer gibt es zwei Gartentage in der Woche (montags und mittwochs oder nach Absprache). Dann fahre ich mit den Kindern morgens halbneun mit dem Bus nach Hochheim in meinen Garten, wo wir den gesamten Tag verbringen. Um halbvier sind wir dann zur\u00fcck. Die Kinder genie\u00dfen diese Zeit und k\u00f6nnen sich im Garten v\u00f6llig frei bewegen. Gegessen wird dann im Garten und zum Schlafen gibt es einen Schlafraum im Gartenhaus. Dies ist vom Jugendamt kontrolliert und genehmigt worden.<\/p>\n<p>Ich gehe mit den Kindern auch oft auf die Spielpl\u00e4tze in der Umgebung. Der Kr\u00e4merbr\u00fcckenspielplatz ist in der N\u00e4he und auch andere. Wir gehen oft auf die EGA im Sommer und in den Zoo. Auch gehe ich mit den Kindern ins Naturkundemuseum, was f\u00fcr die Kleinen immer wieder faszinierend ist. Wir gehen gern zum Baby-Lauschkonzert in das Erfurter Theater und auch in der Kinderbibliothek sind wir regelm\u00e4\u00dfig zu den Vorlesestunden f\u00fcr die Kleinen (immer der erste Mittwoch im Monat um 10.00 Uhr).<\/p>\n<p>Nat\u00fcrlich biete ich den Kindern auch Yoga an, was aber anders als in meinen Abendkursen ist, speziell auf dieses Alter abgestimmt ist. Dabei achte ich auch auf die Gelenkigkeit der einzelnen Kinder und schaue, was sie bereits k\u00f6nnen. Kinder lieben es, ihren K\u00f6rper auf diese Weise zu bewegen und auch auszuprobieren. Viel mache ich auch \u00fcber Bewegung mit Musik.<\/p>\n<p>Das Mittagessen koche ich selber und ist fast nur vegetarisch oder ich verwende Biofleisch. Ich achte auf eine gesunde und nachhaltige Ern\u00e4hrung und verarbeite bis zu 80 % der Lebensmittel in Bioqualit\u00e4t.<\/p>\n<p>Das Essengeld betr\u00e4gt momentan 5 Euro\/Tag.<\/p>\n<p>Viele Eltern stellen sich immer wieder die Frage, was passiert, wenn die Tagesmutter mal krank ist. Bei mir traf es in der gesamten Zeit bisher einmal zu. Wenn es aber wirklich mal passiert, vermittelt das Jugendamt die Kinder an eine andere Tagesmutter in der N\u00e4he. Daf\u00fcr stehe ich mit einer Tagesmutter ein paar Stra\u00dfen von mir entfernt, in Kontakt. Die Betreuungsvertretung wird eher f\u00fcr die Urlaubszeit genutzt.<\/p>","protected":false},"excerpt":{"rendered":"<p>Unverhofft wurde ein Platz ab Februar 2026 frei, dieser kann sofort besetzt werden. Ab Mai 2026 wird auch ein Platz frei. Guten Tag, wie ich schon erw\u00e4hnte, ich arbeite seit 2008 als Tagesmutter. Da ich mein Praktikum f\u00fcf die Tagesmutter in einem Waldorfkindergarten gemacht habe, habe ich mein Konzept auch in diese Richtung gelenkt. Ich &hellip; <a href=\"http:\/\/www.erfurt-tagesmutter.de\/\" class=\"more-link\"><span class=\"screen-reader-text\">Tagesmutti mit Zertifikat f\u00fcr &#8222;Nachhaltige Kindertagespflege&#8220;                                                                                                                       Amal Gattas<\/span> weiterlesen<\/a><\/p>\n","protected":false},"author":1,"featured_media":0,"parent":0,"menu_order":0,"comment_status":"closed","ping_status":"closed","template":"","meta":[],"acf":[],"_links":{"self":[{"href":"http:\/\/www.erfurt-tagesmutter.de\/index.php?rest_route=\/wp\/v2\/pages\/32"}],"collection":[{"href":"http:\/\/www.erfurt-tagesmutter.de\/index.php?rest_route=\/wp\/v2\/pages"}],"about":[{"href":"http:\/\/www.erfurt-tagesmutter.de\/index.php?rest_route=\/wp\/v2\/types\/page"}],"author":[{"embeddable":true,"href":"http:\/\/www.erfurt-tagesmutter.de\/index.php?rest_route=\/wp\/v2\/users\/1"}],"replies":[{"embeddable":true,"href":"http:\/\/www.erfurt-tagesmutter.de\/index.php?rest_route=%2Fwp%2Fv2%2Fcomments&post=32"}],"version-history":[{"count":28,"href":"http:\/\/www.erfurt-tagesmutter.de\/index.php?rest_route=\/wp\/v2\/pages\/32\/revisions"}],"predecessor-version":[{"id":185,"href":"http:\/\/www.erfurt-tagesmutter.de\/index.php?rest_route=\/wp\/v2\/pages\/32\/revisions\/185"}],"wp:attachment":[{"href":"http:\/\/www.erfurt-tagesmutter.de\/index.php?rest_route=%2Fwp%2Fv2%2Fmedia&parent=32"}],"curies":[{"name":"wp","href":"https:\/\/api.w.org\/{rel}","templated":true}]}}